{"id":3348,"date":"2018-08-24T13:07:49","date_gmt":"2018-08-24T13:07:49","guid":{"rendered":"http:\/\/www.naturalsafe.cl\/sitio\/?page_id=3348"},"modified":"2018-08-24T13:07:49","modified_gmt":"2018-08-24T13:07:49","slug":"propuesta-de-valor","status":"publish","type":"page","link":"https:\/\/www.naturalsafe.cl\/sitio\/propuesta-de-valor\/","title":{"rendered":"Propuesta de valor"},"content":{"rendered":"<p style=\"text-align: center;\"><strong>\u00bfPor qu\u00e9 nuestros clientes prefieren Natural Safe? <\/strong><\/p>\n<p>Adem\u00e1s de ser <strong>pionera<\/strong> en Chile con la tecnolog\u00eda HPP para el procesamiento de alimentos, cuenta con una planta con <strong>gran capacidad<\/strong> instalada, <strong>disponible<\/strong> y preparada para brindar a nuestros clientes la mejor forma de mantener la frescura de sus productos sin perder en ning\u00fan caso su valor nutricional y aumentar la vida \u00fatil del mismo.<\/p>\n<p>Nuestros servicios brindar\u00e1n a su marca altos est\u00e1ndares de <strong>calidad y seguridad<\/strong> alimentaria, adem\u00e1s de la<strong> tranquilidad<\/strong> que genera saber que un producto se encuentra en las manos m\u00e1s capacitadas del pa\u00eds.<\/p>\n<p>En natural Safe nos preocupamos por atender desde los <strong>peque\u00f1os<\/strong> emprendedores, hasta las m\u00e1s <strong>grandes<\/strong> empresas del mercado.<\/p>\n<p>Adem\u00e1s de nuestro servicio principal, brindamos otros <strong>servicios complementarios<\/strong> como el asesoramiento y gesti\u00f3n de packing.<\/p>\n<p>Nuestro <strong>compromiso<\/strong> con los clientes y la poblaci\u00f3n chilena en general, aunada con la <strong>experiencia<\/strong> que nos proporcionan los a\u00f1os, nos hace ser la opci\u00f3n preferida por todo aquel que busque generar calidad y resaltar en el mercado.<\/p>\n<p>Contamos con <strong>excelentes tiempos<\/strong> de entrega y seguridad log\u00edstica.<\/p>\n<p>Buscamos ser<strong> innovadores<\/strong> y mantenernos en tendencia para brindar a nuestros clientes las m\u00e1s nuevas y mejores tecnolog\u00edas que demande el mercado y en obtener todas las certificaciones que respalden nuestro compromiso con la calidad.<\/p>\n","protected":false},"excerpt":{"rendered":"<p>\u00bfPor qu\u00e9 nuestros clientes prefieren Natural Safe? Adem\u00e1s de ser pionera en Chile con la tecnolog\u00eda HPP para el procesamiento de alimentos, cuenta con una planta con gran capacidad instalada, disponible y preparada para brindar a nuestros clientes la mejor forma de mantener la frescura de sus productos sin perder en ning\u00fan caso su valor [&hellip;]<\/p>\n","protected":false},"author":1,"featured_media":0,"parent":0,"menu_order":0,"comment_status":"closed","ping_status":"closed","template":"","meta":[],"_links":{"self":[{"href":"https:\/\/www.naturalsafe.cl\/sitio\/wp-json\/wp\/v2\/pages\/3348"}],"collection":[{"href":"https:\/\/www.naturalsafe.cl\/sitio\/wp-json\/wp\/v2\/pages"}],"about":[{"href":"https:\/\/www.naturalsafe.cl\/sitio\/wp-json\/wp\/v2\/types\/page"}],"author":[{"embeddable":true,"href":"https:\/\/www.naturalsafe.cl\/sitio\/wp-json\/wp\/v2\/users\/1"}],"replies":[{"embeddable":true,"href":"https:\/\/www.naturalsafe.cl\/sitio\/wp-json\/wp\/v2\/comments?post=3348"}],"version-history":[{"count":1,"href":"https:\/\/www.naturalsafe.cl\/sitio\/wp-json\/wp\/v2\/pages\/3348\/revisions"}],"predecessor-version":[{"id":3349,"href":"https:\/\/www.naturalsafe.cl\/sitio\/wp-json\/wp\/v2\/pages\/3348\/revisions\/3349"}],"wp:attachment":[{"href":"https:\/\/www.naturalsafe.cl\/sitio\/wp-json\/wp\/v2\/media?parent=3348"}],"curies":[{"name":"wp","href":"https:\/\/api.w.org\/{rel}","templated":true}]}}