{"id":3345,"date":"2018-08-24T13:01:14","date_gmt":"2018-08-24T13:01:14","guid":{"rendered":"http:\/\/www.naturalsafe.cl\/sitio\/?page_id=3345"},"modified":"2018-08-24T13:35:11","modified_gmt":"2018-08-24T13:35:11","slug":"objetivos","status":"publish","type":"page","link":"https:\/\/www.naturalsafe.cl\/sitio\/objetivos\/","title":{"rendered":"Objetivos"},"content":{"rendered":"<p style=\"text-align: center;\"><strong>OBJETIVOS<\/strong><\/p>\n<ul>\n<li>Expandir los servicios de Natural Safe a lo largo del territorio chileno y en otros pa\u00edses de Latinoam\u00e9rica, hasta convertirnos en la empresa l\u00edder en pasteurizaci\u00f3n por altas presiones (HPP).<\/li>\n<li>Lograr incrementar la capacidad instalada de las plantas existentes, para captar mayor n\u00famero de clientes.<\/li>\n<li>Establecer la presurizaci\u00f3n\u00a0por altas temperaturas como tendencia en pa\u00edses del mundo.<\/li>\n<li>Desarrollar conciencia alimentaria en la poblaci\u00f3n y garantizar el acceso a la tecnolog\u00eda HPP a cualquier persona.<\/li>\n<li>Generar confianza en nuestros clientes<\/li>\n<li>Ofrecer servicios derivados que puedan complementar el proceso de conservaci\u00f3n de alimentos.<\/li>\n<li>Fomentar la cultura organizacional entre los empleados, de modo que se identifiquen con la empresa<\/li>\n<li>Propiciar la responsabilidad social y fomentar la ecolog\u00eda a trav\u00e9s de la asesor\u00eda y gesti\u00f3n en packing y etiquetado.<\/li>\n<\/ul>\n","protected":false},"excerpt":{"rendered":"<p>OBJETIVOS Expandir los servicios de Natural Safe a lo largo del territorio chileno y en otros pa\u00edses de Latinoam\u00e9rica, hasta convertirnos en la empresa l\u00edder en pasteurizaci\u00f3n por altas presiones (HPP). Lograr incrementar la capacidad instalada de las plantas existentes, para captar mayor n\u00famero de clientes. Establecer la presurizaci\u00f3n\u00a0por altas temperaturas como tendencia en pa\u00edses [&hellip;]<\/p>\n","protected":false},"author":1,"featured_media":0,"parent":0,"menu_order":0,"comment_status":"closed","ping_status":"closed","template":"","meta":[],"_links":{"self":[{"href":"https:\/\/www.naturalsafe.cl\/sitio\/wp-json\/wp\/v2\/pages\/3345"}],"collection":[{"href":"https:\/\/www.naturalsafe.cl\/sitio\/wp-json\/wp\/v2\/pages"}],"about":[{"href":"https:\/\/www.naturalsafe.cl\/sitio\/wp-json\/wp\/v2\/types\/page"}],"author":[{"embeddable":true,"href":"https:\/\/www.naturalsafe.cl\/sitio\/wp-json\/wp\/v2\/users\/1"}],"replies":[{"embeddable":true,"href":"https:\/\/www.naturalsafe.cl\/sitio\/wp-json\/wp\/v2\/comments?post=3345"}],"version-history":[{"count":2,"href":"https:\/\/www.naturalsafe.cl\/sitio\/wp-json\/wp\/v2\/pages\/3345\/revisions"}],"predecessor-version":[{"id":3354,"href":"https:\/\/www.naturalsafe.cl\/sitio\/wp-json\/wp\/v2\/pages\/3345\/revisions\/3354"}],"wp:attachment":[{"href":"https:\/\/www.naturalsafe.cl\/sitio\/wp-json\/wp\/v2\/media?parent=3345"}],"curies":[{"name":"wp","href":"https:\/\/api.w.org\/{rel}","templated":true}]}}