{"id":3320,"date":"2018-08-16T14:31:00","date_gmt":"2018-08-16T14:31:00","guid":{"rendered":"http:\/\/www.naturalsafe.cl\/sitio\/?page_id=3320"},"modified":"2020-07-22T12:23:44","modified_gmt":"2020-07-22T12:23:44","slug":"certificaciones","status":"publish","type":"page","link":"https:\/\/www.naturalsafe.cl\/sitio\/certificaciones\/","title":{"rendered":"Certificaciones"},"content":{"rendered":"<section class=\"av_textblock_section \"  itemscope=\"itemscope\" itemtype=\"https:\/\/schema.org\/CreativeWork\" ><div class='avia_textblock  '   itemprop=\"text\" ><p>En esta secci\u00f3n podr\u00e1 descargar las distintas certificaciones que ha logrado la empresa.<\/p>\n<p>El 16 de Julio del 2018 la empresa se obtuvo el certificado HACCP en la casa certificadora DQS<\/p>\n<p>De la misma manera y en la misma fecha obtuvo el certificado IFS, logrando de forma in\u00e9dita un puntaje del <strong>95.64%<\/strong>, lo que se materializ\u00f3 en el nivel m\u00e1ximo que ofrece dicha certificaci\u00f3n.<\/p>\n<p>Por nuestra pol\u00edtica y en pro a nuestra caracter\u00edstica manera de trabajar, siempre optamos por alcanzar certificaciones que brinden confianza a nuestros clientes, es por ello que en la actualidad a\u00fan con las certificaciones logradas, seguimos trabajando para poder obtener nuevos m\u00e9ritos que garanticen nuestra forma de hacer las cosas.<\/p>\n<p>En el mes de febrero del a\u00f1o 2019 logramos la Certificaci\u00f3n LEEPP para exportaci\u00f3n, seg\u00fan normativa SAG.<\/p>\n<p>Actualmente en el mes de Julio del a\u00f1o 2020 nuestra empresa se encuentra certificada por tercer a\u00f1o consecutivo con un porcentaje de <strong>96.07%\u00a0<\/strong><\/p>\n<p style=\"text-align: center;\"><a href=\"http:\/\/www.naturalsafe.cl\/sitio\/wp-content\/uploads\/2020\/07\/60100254-HCI-2020-07-20-spanisch.pdf\"><img loading=\"lazy\" class=\"aligncenter wp-image-3358 size-medium\" src=\"http:\/\/www.naturalsafe.cl\/sitio\/wp-content\/uploads\/2018\/08\/boton1-300x100.png\" alt=\"boton1\" width=\"300\" height=\"100\" srcset=\"https:\/\/www.naturalsafe.cl\/sitio\/wp-content\/uploads\/2018\/08\/boton1-300x100.png 300w, https:\/\/www.naturalsafe.cl\/sitio\/wp-content\/uploads\/2018\/08\/boton1-450x150.png 450w, https:\/\/www.naturalsafe.cl\/sitio\/wp-content\/uploads\/2018\/08\/boton1.png 471w\" sizes=\"(max-width: 300px) 100vw, 300px\" \/><\/a><\/p>\n<p style=\"text-align: center;\"><a href=\"http:\/\/www.naturalsafe.cl\/sitio\/wp-content\/uploads\/2020\/07\/60100254-IFS-2020-07-20-spanisch.pdf\"><img loading=\"lazy\" class=\"alignnone wp-image-3359 size-medium\" src=\"http:\/\/www.naturalsafe.cl\/sitio\/wp-content\/uploads\/2018\/08\/boton2-300x100.png\" alt=\"boton2\" width=\"300\" height=\"100\" srcset=\"https:\/\/www.naturalsafe.cl\/sitio\/wp-content\/uploads\/2018\/08\/boton2-300x100.png 300w, https:\/\/www.naturalsafe.cl\/sitio\/wp-content\/uploads\/2018\/08\/boton2-450x150.png 450w, https:\/\/www.naturalsafe.cl\/sitio\/wp-content\/uploads\/2018\/08\/boton2.png 471w\" sizes=\"(max-width: 300px) 100vw, 300px\" \/><\/a><\/p>\n<\/div><\/section>\n","protected":false},"excerpt":{"rendered":"","protected":false},"author":1,"featured_media":0,"parent":0,"menu_order":0,"comment_status":"closed","ping_status":"closed","template":"","meta":[],"_links":{"self":[{"href":"https:\/\/www.naturalsafe.cl\/sitio\/wp-json\/wp\/v2\/pages\/3320"}],"collection":[{"href":"https:\/\/www.naturalsafe.cl\/sitio\/wp-json\/wp\/v2\/pages"}],"about":[{"href":"https:\/\/www.naturalsafe.cl\/sitio\/wp-json\/wp\/v2\/types\/page"}],"author":[{"embeddable":true,"href":"https:\/\/www.naturalsafe.cl\/sitio\/wp-json\/wp\/v2\/users\/1"}],"replies":[{"embeddable":true,"href":"https:\/\/www.naturalsafe.cl\/sitio\/wp-json\/wp\/v2\/comments?post=3320"}],"version-history":[{"count":7,"href":"https:\/\/www.naturalsafe.cl\/sitio\/wp-json\/wp\/v2\/pages\/3320\/revisions"}],"predecessor-version":[{"id":3391,"href":"https:\/\/www.naturalsafe.cl\/sitio\/wp-json\/wp\/v2\/pages\/3320\/revisions\/3391"}],"wp:attachment":[{"href":"https:\/\/www.naturalsafe.cl\/sitio\/wp-json\/wp\/v2\/media?parent=3320"}],"curies":[{"name":"wp","href":"https:\/\/api.w.org\/{rel}","templated":true}]}}