{"id":3297,"date":"2018-02-20T19:01:10","date_gmt":"2018-02-20T19:01:10","guid":{"rendered":"http:\/\/www.naturalsafe.cl\/sitio\/?page_id=3297"},"modified":"2018-08-24T12:52:57","modified_gmt":"2018-08-24T12:52:57","slug":"mision","status":"publish","type":"page","link":"https:\/\/www.naturalsafe.cl\/sitio\/mision\/","title":{"rendered":"Misi\u00f3n"},"content":{"rendered":"<p style=\"text-align: center;\"><strong>MISI\u00d3N<\/strong><\/p>\n<p>Natural Safe es una empresa chilena pionera en Sudam\u00e9rica que brinda a sus clientes servicios de Pasteurizaci\u00f3n en Fr\u00edo mediante tecnolog\u00eda HPP (High Pressure processing) garantizando mayor inocuidad y vida \u00fatil en alimentos y bebidas que posteriormente ser\u00e1n consumidos por el usuario final. Natural Safe se caracteriza por trabajar con altos est\u00e1ndares y sistemas de calidad lo que nos otorga la Certificaci\u00f3n Nivel Superior de la International Featured Standars Food (IFS FOOD 6.0).<br \/>\nEn Natural Safe nos preocupamos por la poblaci\u00f3n y su salud alimentaria, por eso impulsamos proyectos generadores de soluciones que permitan fortalecer y establecer como prioridad la salud p\u00fablica mediante la conservaci\u00f3n de los alimentos y bebidas.<\/p>\n","protected":false},"excerpt":{"rendered":"<p>MISI\u00d3N Natural Safe es una empresa chilena pionera en Sudam\u00e9rica que brinda a sus clientes servicios de Pasteurizaci\u00f3n en Fr\u00edo mediante tecnolog\u00eda HPP (High Pressure processing) garantizando mayor inocuidad y vida \u00fatil en alimentos y bebidas que posteriormente ser\u00e1n consumidos por el usuario final. Natural Safe se caracteriza por trabajar con altos est\u00e1ndares y sistemas [&hellip;]<\/p>\n","protected":false},"author":1,"featured_media":0,"parent":0,"menu_order":0,"comment_status":"closed","ping_status":"closed","template":"","meta":[],"_links":{"self":[{"href":"https:\/\/www.naturalsafe.cl\/sitio\/wp-json\/wp\/v2\/pages\/3297"}],"collection":[{"href":"https:\/\/www.naturalsafe.cl\/sitio\/wp-json\/wp\/v2\/pages"}],"about":[{"href":"https:\/\/www.naturalsafe.cl\/sitio\/wp-json\/wp\/v2\/types\/page"}],"author":[{"embeddable":true,"href":"https:\/\/www.naturalsafe.cl\/sitio\/wp-json\/wp\/v2\/users\/1"}],"replies":[{"embeddable":true,"href":"https:\/\/www.naturalsafe.cl\/sitio\/wp-json\/wp\/v2\/comments?post=3297"}],"version-history":[{"count":2,"href":"https:\/\/www.naturalsafe.cl\/sitio\/wp-json\/wp\/v2\/pages\/3297\/revisions"}],"predecessor-version":[{"id":3344,"href":"https:\/\/www.naturalsafe.cl\/sitio\/wp-json\/wp\/v2\/pages\/3297\/revisions\/3344"}],"wp:attachment":[{"href":"https:\/\/www.naturalsafe.cl\/sitio\/wp-json\/wp\/v2\/media?parent=3297"}],"curies":[{"name":"wp","href":"https:\/\/api.w.org\/{rel}","templated":true}]}}